{"id":18,"date":"2026-03-13T23:51:02","date_gmt":"2026-03-13T23:51:02","guid":{"rendered":"https:\/\/nosebound.com\/press-kit\/"},"modified":"2026-03-14T15:51:49","modified_gmt":"2026-03-14T15:51:49","slug":"press-kit","status":"publish","type":"page","link":"https:\/\/nosebound.com\/es\/press-kit\/","title":{"rendered":"Kit de Prensa"},"content":{"rendered":"<div data-elementor-type=\"wp-page\" data-elementor-id=\"18\" class=\"elementor elementor-18\" data-elementor-post-type=\"page\">\n\t\t\t\t<div class=\"elementor-element elementor-element-9dl0juz e-con-full e-flex e-con e-parent\" data-id=\"9dl0juz\" data-element_type=\"container\" data-e-type=\"container\" data-settings=\"{&quot;background_background&quot;:&quot;classic&quot;}\">\n\t\t\t\t<div class=\"elementor-element elementor-element-hpqb3k6 elementor-widget elementor-widget-heading\" data-id=\"hpqb3k6\" data-element_type=\"widget\" data-e-type=\"widget\" data-widget_type=\"heading.default\">\n\t\t\t\t\t<h2 class=\"elementor-heading-title elementor-size-default\">KIT DE PRENSA<\/h2>\t\t\t\t<\/div>\n\t\t\t\t<div class=\"elementor-element elementor-element-owmy5gd elementor-widget-divider--view-line elementor-widget elementor-widget-divider\" data-id=\"owmy5gd\" data-element_type=\"widget\" data-e-type=\"widget\" data-widget_type=\"divider.default\">\n\t\t\t\t\t\t\t<div class=\"elementor-divider\">\n\t\t\t<span class=\"elementor-divider-separator\">\n\t\t\t\t\t\t<\/span>\n\t\t<\/div>\n\t\t\t\t\t\t<\/div>\n\t\t\t\t<\/div>\n\t\t<div class=\"elementor-element elementor-element-jlepqw8 e-flex e-con-boxed e-con e-parent\" data-id=\"jlepqw8\" data-element_type=\"container\" data-e-type=\"container\" data-settings=\"{&quot;background_background&quot;:&quot;classic&quot;}\">\n\t\t\t\t\t<div class=\"e-con-inner\">\n\t\t\t\t<div class=\"elementor-element elementor-element-v7dg2aa elementor-widget elementor-widget-heading\" data-id=\"v7dg2aa\" data-element_type=\"widget\" data-e-type=\"widget\" data-widget_type=\"heading.default\">\n\t\t\t\t\t<h2 class=\"elementor-heading-title elementor-size-default\">INFORMACI\u00d3N DEL JUEGO<\/h2>\t\t\t\t<\/div>\n\t\t\t\t<div class=\"elementor-element elementor-element-cn0wcn9 elementor-widget elementor-widget-text-editor\" data-id=\"cn0wcn9\" data-element_type=\"widget\" data-e-type=\"widget\" data-widget_type=\"text-editor.default\">\n\t\t\t\t\t\t\t\t\t<p><strong style='color:#C8A84E'>T\u00edtulo:<\/strong> NoseBound<\/p><p><strong style='color:#C8A84E'>Desarrollador:<\/strong> Quarantine Interactive<\/p><p><strong style='color:#C8A84E'>Editor:<\/strong> Plug In Digital<\/p><p><strong style='color:#C8A84E'>G\u00e9nero:<\/strong> Aventura Point &#038; Click<\/p><p><strong style='color:#C8A84E'>Plataforma:<\/strong> PC (Steam), PlayStation 5 (pr\u00f3ximamente)<\/p><p><strong style='color:#C8A84E'>Fecha de Lanzamiento:<\/strong> Disponible Ahora<\/p><p><strong style='color:#C8A84E'>Steam:<\/strong> <a href=\"https:\/\/store.steampowered.com\/app\/340020\/NoseBound\/\" style=\"color:#C8A84E\" target=\"_blank\" rel=\"noopener\">store.steampowered.com\/app\/340020\/NoseBound\/<\/a><\/p><p><strong style='color:#C8A84E'>Sitio Web:<\/strong> <a href=\"https:\/\/nosebound.com\/es\/\" style=\"color:#C8A84E\">nosebound.com<\/a><\/p>\t\t\t\t\t\t\t\t<\/div>\n\t\t\t\t\t<\/div>\n\t\t\t\t<\/div>\n\t\t<div class=\"elementor-element elementor-element-qprjagm e-flex e-con-boxed e-con e-parent\" data-id=\"qprjagm\" data-element_type=\"container\" data-e-type=\"container\" data-settings=\"{&quot;background_background&quot;:&quot;classic&quot;}\">\n\t\t\t\t\t<div class=\"e-con-inner\">\n\t\t\t\t<div class=\"elementor-element elementor-element-r9oulmk elementor-widget elementor-widget-heading\" data-id=\"r9oulmk\" data-element_type=\"widget\" data-e-type=\"widget\" data-widget_type=\"heading.default\">\n\t\t\t\t\t<h2 class=\"elementor-heading-title elementor-size-default\">DESCRIPCI\u00d3N<\/h2>\t\t\t\t<\/div>\n\t\t\t\t<div class=\"elementor-element elementor-element-ad2jz6a elementor-widget elementor-widget-text-editor\" data-id=\"ad2jz6a\" data-element_type=\"widget\" data-e-type=\"widget\" data-widget_type=\"text-editor.default\">\n\t\t\t\t\t\t\t\t\t<p>NoseBound es una aventura point &#038; click cl\u00e1sica que propone una envolvente historia de detective. Al combinar entretenidos puzzles y escenas dram\u00e1ticas de acci\u00f3n, el juego sumerge al jugador en un encantado y agitado c\u00edrculo de enga\u00f1os, ambientaci\u00f3n noir y un oponente muy peculiar.<\/p><p>En NoseBound, jug\u00e1s como Ray Hammond, un detective privado con un pasado turbio y m\u00e9todos poco ortodoxos. La historia te lleva de ida y vuelta, del final al mism\u00edsimo principio. Tuya es la oportunidad de descubrir qu\u00e9 pas\u00f3, c\u00f3mo pas\u00f3, y vivir la historia por vos mismo.<\/p><p>Fuertemente inspirado en H.P. Lovecraft, Raymond Chandler y Dashiell Hammett, NoseBound fusiona la ficci\u00f3n detectivesca noir con el horror Lovecraftiano y el misticismo ocultista.<\/p>\t\t\t\t\t\t\t\t<\/div>\n\t\t\t\t\t<\/div>\n\t\t\t\t<\/div>\n\t\t<div class=\"elementor-element elementor-element-1o9qlwr e-flex e-con-boxed e-con e-parent\" data-id=\"1o9qlwr\" data-element_type=\"container\" data-e-type=\"container\" data-settings=\"{&quot;background_background&quot;:&quot;classic&quot;}\">\n\t\t\t\t\t<div class=\"e-con-inner\">\n\t\t\t\t<div class=\"elementor-element elementor-element-609xfh1 elementor-widget elementor-widget-heading\" data-id=\"609xfh1\" data-element_type=\"widget\" data-e-type=\"widget\" data-widget_type=\"heading.default\">\n\t\t\t\t\t<h2 class=\"elementor-heading-title elementor-size-default\">LOGOS &amp; ARTE PRINCIPAL<\/h2>\t\t\t\t<\/div>\n\t\t\t\t<div class=\"elementor-element elementor-element-h6v38cq elementor-widget elementor-widget-image-gallery\" data-id=\"h6v38cq\" data-element_type=\"widget\" data-e-type=\"widget\" data-widget_type=\"image-gallery.default\">\n\t\t\t\t\t\t\t<div class=\"elementor-image-gallery\">\n\t\t\t<div id='gallery-1' class='gallery galleryid-18 gallery-columns-3 gallery-size-medium'><figure class='gallery-item'>\n\t\t\t<div class='gallery-icon landscape'>\n\t\t\t\t<a data-elementor-open-lightbox=\"no\" href=\"https:\/\/nosebound.com\/wp-content\/uploads\/2026\/03\/GameLogo.png\"><img decoding=\"async\" width=\"300\" height=\"128\" data-src=\"https:\/\/nosebound.com\/wp-content\/uploads\/2026\/03\/GameLogo-300x128.png\" class=\"attachment-medium size-medium lazyload\" alt=\"NoseBound Game Logo\" data-srcset=\"https:\/\/nosebound.com\/wp-content\/uploads\/2026\/03\/GameLogo-300x128.png 300w, https:\/\/nosebound.com\/wp-content\/uploads\/2026\/03\/GameLogo-18x8.png 18w, https:\/\/nosebound.com\/wp-content\/uploads\/2026\/03\/GameLogo.png 620w\" data-sizes=\"(max-width: 300px) 100vw, 300px\" src=\"data:image\/svg+xml;base64,PHN2ZyB3aWR0aD0iMSIgaGVpZ2h0PSIxIiB4bWxucz0iaHR0cDovL3d3dy53My5vcmcvMjAwMC9zdmciPjwvc3ZnPg==\" style=\"--smush-placeholder-width: 300px; --smush-placeholder-aspect-ratio: 300\/128;\" \/><\/a>\n\t\t\t<\/div><\/figure><figure class='gallery-item'>\n\t\t\t<div class='gallery-icon landscape'>\n\t\t\t\t<a data-elementor-open-lightbox=\"no\" href=\"https:\/\/nosebound.com\/wp-content\/uploads\/2026\/03\/GameLogo_Inverted.png\"><img decoding=\"async\" width=\"300\" height=\"128\" data-src=\"https:\/\/nosebound.com\/wp-content\/uploads\/2026\/03\/GameLogo_Inverted-300x128.png\" class=\"attachment-medium size-medium lazyload\" alt=\"NoseBound Game Logo Inverted White\" data-srcset=\"https:\/\/nosebound.com\/wp-content\/uploads\/2026\/03\/GameLogo_Inverted-300x128.png 300w, https:\/\/nosebound.com\/wp-content\/uploads\/2026\/03\/GameLogo_Inverted-18x8.png 18w, https:\/\/nosebound.com\/wp-content\/uploads\/2026\/03\/GameLogo_Inverted.png 620w\" data-sizes=\"(max-width: 300px) 100vw, 300px\" src=\"data:image\/svg+xml;base64,PHN2ZyB3aWR0aD0iMSIgaGVpZ2h0PSIxIiB4bWxucz0iaHR0cDovL3d3dy53My5vcmcvMjAwMC9zdmciPjwvc3ZnPg==\" style=\"--smush-placeholder-width: 300px; --smush-placeholder-aspect-ratio: 300\/128;\" \/><\/a>\n\t\t\t<\/div><\/figure><figure class='gallery-item'>\n\t\t\t<div class='gallery-icon landscape'>\n\t\t\t\t<a data-elementor-open-lightbox=\"no\" href=\"https:\/\/nosebound.com\/wp-content\/uploads\/2026\/03\/GameLogo_big.png\"><img fetchpriority=\"high\" decoding=\"async\" width=\"300\" height=\"225\" src=\"https:\/\/nosebound.com\/wp-content\/uploads\/2026\/03\/GameLogo_big-300x225.png\" class=\"attachment-medium size-medium\" alt=\"NoseBound Game Logo Large\" srcset=\"https:\/\/nosebound.com\/wp-content\/uploads\/2026\/03\/GameLogo_big-300x225.png 300w, https:\/\/nosebound.com\/wp-content\/uploads\/2026\/03\/GameLogo_big-16x12.png 16w, https:\/\/nosebound.com\/wp-content\/uploads\/2026\/03\/GameLogo_big.png 640w\" sizes=\"(max-width: 300px) 100vw, 300px\" \/><\/a>\n\t\t\t<\/div><\/figure><figure class='gallery-item'>\n\t\t\t<div class='gallery-icon landscape'>\n\t\t\t\t<a data-elementor-open-lightbox=\"no\" href=\"https:\/\/nosebound.com\/wp-content\/uploads\/2026\/03\/GameCover_InBetweenTexts_3.png\"><img decoding=\"async\" width=\"300\" height=\"300\" data-src=\"https:\/\/nosebound.com\/wp-content\/uploads\/2026\/03\/GameCover_InBetweenTexts_3-300x300.png\" class=\"attachment-medium size-medium lazyload\" alt=\"NoseBound Game Cover Art - Noir Detective Adventure\" data-srcset=\"https:\/\/nosebound.com\/wp-content\/uploads\/2026\/03\/GameCover_InBetweenTexts_3-300x300.png 300w, https:\/\/nosebound.com\/wp-content\/uploads\/2026\/03\/GameCover_InBetweenTexts_3-150x150.png 150w, https:\/\/nosebound.com\/wp-content\/uploads\/2026\/03\/GameCover_InBetweenTexts_3-768x768.png 768w, https:\/\/nosebound.com\/wp-content\/uploads\/2026\/03\/GameCover_InBetweenTexts_3-12x12.png 12w, https:\/\/nosebound.com\/wp-content\/uploads\/2026\/03\/GameCover_InBetweenTexts_3.png 900w\" data-sizes=\"(max-width: 300px) 100vw, 300px\" src=\"data:image\/svg+xml;base64,PHN2ZyB3aWR0aD0iMSIgaGVpZ2h0PSIxIiB4bWxucz0iaHR0cDovL3d3dy53My5vcmcvMjAwMC9zdmciPjwvc3ZnPg==\" style=\"--smush-placeholder-width: 300px; --smush-placeholder-aspect-ratio: 300\/300;\" \/><\/a>\n\t\t\t<\/div><\/figure><figure class='gallery-item'>\n\t\t\t<div class='gallery-icon landscape'>\n\t\t\t\t<a data-elementor-open-lightbox=\"no\" href=\"https:\/\/nosebound.com\/wp-content\/uploads\/2026\/03\/nosebound_promoart1.jpg\"><img decoding=\"async\" width=\"300\" height=\"144\" data-src=\"https:\/\/nosebound.com\/wp-content\/uploads\/2026\/03\/nosebound_promoart1-300x144.jpg\" class=\"attachment-medium size-medium lazyload\" alt=\"NoseBound Promo Art - Noir Detective Character\" data-srcset=\"https:\/\/nosebound.com\/wp-content\/uploads\/2026\/03\/nosebound_promoart1-300x144.jpg 300w, https:\/\/nosebound.com\/wp-content\/uploads\/2026\/03\/nosebound_promoart1-1024x493.jpg 1024w, https:\/\/nosebound.com\/wp-content\/uploads\/2026\/03\/nosebound_promoart1-768x370.jpg 768w, https:\/\/nosebound.com\/wp-content\/uploads\/2026\/03\/nosebound_promoart1-1536x740.jpg 1536w, https:\/\/nosebound.com\/wp-content\/uploads\/2026\/03\/nosebound_promoart1-2048x986.jpg 2048w, https:\/\/nosebound.com\/wp-content\/uploads\/2026\/03\/nosebound_promoart1-18x9.jpg 18w\" data-sizes=\"(max-width: 300px) 100vw, 300px\" src=\"data:image\/svg+xml;base64,PHN2ZyB3aWR0aD0iMSIgaGVpZ2h0PSIxIiB4bWxucz0iaHR0cDovL3d3dy53My5vcmcvMjAwMC9zdmciPjwvc3ZnPg==\" style=\"--smush-placeholder-width: 300px; --smush-placeholder-aspect-ratio: 300\/144;\" \/><\/a>\n\t\t\t<\/div><\/figure><figure class='gallery-item'>\n\t\t\t<div class='gallery-icon landscape'>\n\t\t\t\t<a data-elementor-open-lightbox=\"no\" href=\"https:\/\/nosebound.com\/wp-content\/uploads\/2026\/03\/MainCapsule_noLogo.jpg\"><img decoding=\"async\" width=\"300\" height=\"172\" data-src=\"https:\/\/nosebound.com\/wp-content\/uploads\/2026\/03\/MainCapsule_noLogo-300x172.jpg\" class=\"attachment-medium size-medium lazyload\" alt=\"\" data-srcset=\"https:\/\/nosebound.com\/wp-content\/uploads\/2026\/03\/MainCapsule_noLogo-300x172.jpg 300w, https:\/\/nosebound.com\/wp-content\/uploads\/2026\/03\/MainCapsule_noLogo-1024x587.jpg 1024w, https:\/\/nosebound.com\/wp-content\/uploads\/2026\/03\/MainCapsule_noLogo-768x440.jpg 768w, https:\/\/nosebound.com\/wp-content\/uploads\/2026\/03\/MainCapsule_noLogo-1536x880.jpg 1536w, https:\/\/nosebound.com\/wp-content\/uploads\/2026\/03\/MainCapsule_noLogo-2048x1174.jpg 2048w, https:\/\/nosebound.com\/wp-content\/uploads\/2026\/03\/MainCapsule_noLogo-18x10.jpg 18w\" data-sizes=\"(max-width: 300px) 100vw, 300px\" src=\"data:image\/svg+xml;base64,PHN2ZyB3aWR0aD0iMSIgaGVpZ2h0PSIxIiB4bWxucz0iaHR0cDovL3d3dy53My5vcmcvMjAwMC9zdmciPjwvc3ZnPg==\" style=\"--smush-placeholder-width: 300px; --smush-placeholder-aspect-ratio: 300\/172;\" \/><\/a>\n\t\t\t<\/div><\/figure>\n\t\t<\/div>\n\t\t<\/div>\n\t\t\t\t\t\t<\/div>\n\t\t\t\t\t<\/div>\n\t\t\t\t<\/div>\n\t\t<div class=\"elementor-element elementor-element-lt75a1i e-flex e-con-boxed e-con e-parent\" data-id=\"lt75a1i\" data-element_type=\"container\" data-e-type=\"container\" data-settings=\"{&quot;background_background&quot;:&quot;classic&quot;}\">\n\t\t\t\t\t<div class=\"e-con-inner\">\n\t\t\t\t<div class=\"elementor-element elementor-element-89g6wsv elementor-widget elementor-widget-heading\" data-id=\"89g6wsv\" data-element_type=\"widget\" data-e-type=\"widget\" data-widget_type=\"heading.default\">\n\t\t\t\t\t<h2 class=\"elementor-heading-title elementor-size-default\">CAPTURAS DE PANTALLA<\/h2>\t\t\t\t<\/div>\n\t\t\t\t<div class=\"elementor-element elementor-element-6c99c3u elementor-widget elementor-widget-image-gallery\" data-id=\"6c99c3u\" data-element_type=\"widget\" data-e-type=\"widget\" data-widget_type=\"image-gallery.default\">\n\t\t\t\t\t\t\t<div class=\"elementor-image-gallery\">\n\t\t\t<div id='gallery-2' class='gallery galleryid-18 gallery-columns-4 gallery-size-thumbnail'><figure class='gallery-item'>\n\t\t\t<div class='gallery-icon landscape'>\n\t\t\t\t<a data-elementor-open-lightbox=\"yes\" data-elementor-lightbox-slideshow=\"6c99c3u\" data-elementor-lightbox-title=\"Capa 47\" data-e-action-hash=\"#elementor-action%3Aaction%3Dlightbox%26settings%3DeyJpZCI6NzYsInVybCI6Imh0dHBzOlwvXC9ub3NlYm91bmQuY29tXC93cC1jb250ZW50XC91cGxvYWRzXC8yMDI2XC8wM1wvQ2FwYS00Ny5qcGciLCJzbGlkZXNob3ciOiI2Yzk5YzN1In0%3D\" href=\"https:\/\/nosebound.com\/wp-content\/uploads\/2026\/03\/Capa-47.jpg\"><img decoding=\"async\" width=\"150\" height=\"150\" data-src=\"https:\/\/nosebound.com\/wp-content\/uploads\/2026\/03\/Capa-47-150x150.jpg\" class=\"attachment-thumbnail size-thumbnail lazyload\" alt=\"NoseBound Screenshot - Detective Investigation Scene\" src=\"data:image\/svg+xml;base64,PHN2ZyB3aWR0aD0iMSIgaGVpZ2h0PSIxIiB4bWxucz0iaHR0cDovL3d3dy53My5vcmcvMjAwMC9zdmciPjwvc3ZnPg==\" style=\"--smush-placeholder-width: 150px; --smush-placeholder-aspect-ratio: 150\/150;\" \/><\/a>\n\t\t\t<\/div><\/figure><figure class='gallery-item'>\n\t\t\t<div class='gallery-icon landscape'>\n\t\t\t\t<a data-elementor-open-lightbox=\"yes\" data-elementor-lightbox-slideshow=\"6c99c3u\" data-elementor-lightbox-title=\"Capa 46\" data-e-action-hash=\"#elementor-action%3Aaction%3Dlightbox%26settings%3DeyJpZCI6NzUsInVybCI6Imh0dHBzOlwvXC9ub3NlYm91bmQuY29tXC93cC1jb250ZW50XC91cGxvYWRzXC8yMDI2XC8wM1wvQ2FwYS00Ni5qcGciLCJzbGlkZXNob3ciOiI2Yzk5YzN1In0%3D\" href=\"https:\/\/nosebound.com\/wp-content\/uploads\/2026\/03\/Capa-46.jpg\"><img decoding=\"async\" width=\"150\" height=\"150\" data-src=\"https:\/\/nosebound.com\/wp-content\/uploads\/2026\/03\/Capa-46-150x150.jpg\" class=\"attachment-thumbnail size-thumbnail lazyload\" alt=\"NoseBound Screenshot - Noir City Environment\" src=\"data:image\/svg+xml;base64,PHN2ZyB3aWR0aD0iMSIgaGVpZ2h0PSIxIiB4bWxucz0iaHR0cDovL3d3dy53My5vcmcvMjAwMC9zdmciPjwvc3ZnPg==\" style=\"--smush-placeholder-width: 150px; --smush-placeholder-aspect-ratio: 150\/150;\" \/><\/a>\n\t\t\t<\/div><\/figure><figure class='gallery-item'>\n\t\t\t<div class='gallery-icon landscape'>\n\t\t\t\t<a data-elementor-open-lightbox=\"yes\" data-elementor-lightbox-slideshow=\"6c99c3u\" data-elementor-lightbox-title=\"Capa 45\" data-e-action-hash=\"#elementor-action%3Aaction%3Dlightbox%26settings%3DeyJpZCI6NzQsInVybCI6Imh0dHBzOlwvXC9ub3NlYm91bmQuY29tXC93cC1jb250ZW50XC91cGxvYWRzXC8yMDI2XC8wM1wvQ2FwYS00NS5qcGciLCJzbGlkZXNob3ciOiI2Yzk5YzN1In0%3D\" href=\"https:\/\/nosebound.com\/wp-content\/uploads\/2026\/03\/Capa-45.jpg\"><img decoding=\"async\" width=\"150\" height=\"150\" data-src=\"https:\/\/nosebound.com\/wp-content\/uploads\/2026\/03\/Capa-45-150x150.jpg\" class=\"attachment-thumbnail size-thumbnail lazyload\" alt=\"NoseBound Screenshot - Character Dialogue\" src=\"data:image\/svg+xml;base64,PHN2ZyB3aWR0aD0iMSIgaGVpZ2h0PSIxIiB4bWxucz0iaHR0cDovL3d3dy53My5vcmcvMjAwMC9zdmciPjwvc3ZnPg==\" style=\"--smush-placeholder-width: 150px; --smush-placeholder-aspect-ratio: 150\/150;\" \/><\/a>\n\t\t\t<\/div><\/figure><figure class='gallery-item'>\n\t\t\t<div class='gallery-icon landscape'>\n\t\t\t\t<a data-elementor-open-lightbox=\"yes\" data-elementor-lightbox-slideshow=\"6c99c3u\" data-elementor-lightbox-title=\"Capa 44\" data-e-action-hash=\"#elementor-action%3Aaction%3Dlightbox%26settings%3DeyJpZCI6NzMsInVybCI6Imh0dHBzOlwvXC9ub3NlYm91bmQuY29tXC93cC1jb250ZW50XC91cGxvYWRzXC8yMDI2XC8wM1wvQ2FwYS00NC5qcGciLCJzbGlkZXNob3ciOiI2Yzk5YzN1In0%3D\" href=\"https:\/\/nosebound.com\/wp-content\/uploads\/2026\/03\/Capa-44.jpg\"><img decoding=\"async\" width=\"150\" height=\"150\" data-src=\"https:\/\/nosebound.com\/wp-content\/uploads\/2026\/03\/Capa-44-150x150.jpg\" class=\"attachment-thumbnail size-thumbnail lazyload\" alt=\"NoseBound Screenshot - Puzzle Gameplay\" src=\"data:image\/svg+xml;base64,PHN2ZyB3aWR0aD0iMSIgaGVpZ2h0PSIxIiB4bWxucz0iaHR0cDovL3d3dy53My5vcmcvMjAwMC9zdmciPjwvc3ZnPg==\" style=\"--smush-placeholder-width: 150px; --smush-placeholder-aspect-ratio: 150\/150;\" \/><\/a>\n\t\t\t<\/div><\/figure><figure class='gallery-item'>\n\t\t\t<div class='gallery-icon landscape'>\n\t\t\t\t<a data-elementor-open-lightbox=\"yes\" data-elementor-lightbox-slideshow=\"6c99c3u\" data-elementor-lightbox-title=\"Capa 43\" data-e-action-hash=\"#elementor-action%3Aaction%3Dlightbox%26settings%3DeyJpZCI6NzIsInVybCI6Imh0dHBzOlwvXC9ub3NlYm91bmQuY29tXC93cC1jb250ZW50XC91cGxvYWRzXC8yMDI2XC8wM1wvQ2FwYS00My5qcGciLCJzbGlkZXNob3ciOiI2Yzk5YzN1In0%3D\" href=\"https:\/\/nosebound.com\/wp-content\/uploads\/2026\/03\/Capa-43.jpg\"><img decoding=\"async\" width=\"150\" height=\"150\" data-src=\"https:\/\/nosebound.com\/wp-content\/uploads\/2026\/03\/Capa-43-150x150.jpg\" class=\"attachment-thumbnail size-thumbnail lazyload\" alt=\"NoseBound Screenshot - Action Sequence\" src=\"data:image\/svg+xml;base64,PHN2ZyB3aWR0aD0iMSIgaGVpZ2h0PSIxIiB4bWxucz0iaHR0cDovL3d3dy53My5vcmcvMjAwMC9zdmciPjwvc3ZnPg==\" style=\"--smush-placeholder-width: 150px; --smush-placeholder-aspect-ratio: 150\/150;\" \/><\/a>\n\t\t\t<\/div><\/figure><figure class='gallery-item'>\n\t\t\t<div class='gallery-icon landscape'>\n\t\t\t\t<a data-elementor-open-lightbox=\"yes\" data-elementor-lightbox-slideshow=\"6c99c3u\" data-elementor-lightbox-title=\"Capa 42\" data-e-action-hash=\"#elementor-action%3Aaction%3Dlightbox%26settings%3DeyJpZCI6NzEsInVybCI6Imh0dHBzOlwvXC9ub3NlYm91bmQuY29tXC93cC1jb250ZW50XC91cGxvYWRzXC8yMDI2XC8wM1wvQ2FwYS00Mi5qcGciLCJzbGlkZXNob3ciOiI2Yzk5YzN1In0%3D\" href=\"https:\/\/nosebound.com\/wp-content\/uploads\/2026\/03\/Capa-42.jpg\"><img decoding=\"async\" width=\"150\" height=\"150\" data-src=\"https:\/\/nosebound.com\/wp-content\/uploads\/2026\/03\/Capa-42-150x150.jpg\" class=\"attachment-thumbnail size-thumbnail lazyload\" alt=\"NoseBound Screenshot - Lovecraftian Horror Scene\" src=\"data:image\/svg+xml;base64,PHN2ZyB3aWR0aD0iMSIgaGVpZ2h0PSIxIiB4bWxucz0iaHR0cDovL3d3dy53My5vcmcvMjAwMC9zdmciPjwvc3ZnPg==\" style=\"--smush-placeholder-width: 150px; --smush-placeholder-aspect-ratio: 150\/150;\" \/><\/a>\n\t\t\t<\/div><\/figure><figure class='gallery-item'>\n\t\t\t<div class='gallery-icon landscape'>\n\t\t\t\t<a data-elementor-open-lightbox=\"yes\" data-elementor-lightbox-slideshow=\"6c99c3u\" data-elementor-lightbox-title=\"Capa 41\" data-e-action-hash=\"#elementor-action%3Aaction%3Dlightbox%26settings%3DeyJpZCI6NzAsInVybCI6Imh0dHBzOlwvXC9ub3NlYm91bmQuY29tXC93cC1jb250ZW50XC91cGxvYWRzXC8yMDI2XC8wM1wvQ2FwYS00MS5qcGciLCJzbGlkZXNob3ciOiI2Yzk5YzN1In0%3D\" href=\"https:\/\/nosebound.com\/wp-content\/uploads\/2026\/03\/Capa-41.jpg\"><img decoding=\"async\" width=\"150\" height=\"150\" data-src=\"https:\/\/nosebound.com\/wp-content\/uploads\/2026\/03\/Capa-41-150x150.jpg\" class=\"attachment-thumbnail size-thumbnail lazyload\" alt=\"NoseBound Screenshot - Noir Atmosphere\" src=\"data:image\/svg+xml;base64,PHN2ZyB3aWR0aD0iMSIgaGVpZ2h0PSIxIiB4bWxucz0iaHR0cDovL3d3dy53My5vcmcvMjAwMC9zdmciPjwvc3ZnPg==\" style=\"--smush-placeholder-width: 150px; --smush-placeholder-aspect-ratio: 150\/150;\" \/><\/a>\n\t\t\t<\/div><\/figure><figure class='gallery-item'>\n\t\t\t<div class='gallery-icon landscape'>\n\t\t\t\t<a data-elementor-open-lightbox=\"yes\" data-elementor-lightbox-slideshow=\"6c99c3u\" data-elementor-lightbox-title=\"Capa 38\" data-e-action-hash=\"#elementor-action%3Aaction%3Dlightbox%26settings%3DeyJpZCI6NjksInVybCI6Imh0dHBzOlwvXC9ub3NlYm91bmQuY29tXC93cC1jb250ZW50XC91cGxvYWRzXC8yMDI2XC8wM1wvQ2FwYS0zOC5qcGciLCJzbGlkZXNob3ciOiI2Yzk5YzN1In0%3D\" href=\"https:\/\/nosebound.com\/wp-content\/uploads\/2026\/03\/Capa-38.jpg\"><img decoding=\"async\" width=\"150\" height=\"150\" data-src=\"https:\/\/nosebound.com\/wp-content\/uploads\/2026\/03\/Capa-38-150x150.jpg\" class=\"attachment-thumbnail size-thumbnail lazyload\" alt=\"NoseBound Screenshot - Detective Office\" src=\"data:image\/svg+xml;base64,PHN2ZyB3aWR0aD0iMSIgaGVpZ2h0PSIxIiB4bWxucz0iaHR0cDovL3d3dy53My5vcmcvMjAwMC9zdmciPjwvc3ZnPg==\" style=\"--smush-placeholder-width: 150px; --smush-placeholder-aspect-ratio: 150\/150;\" \/><\/a>\n\t\t\t<\/div><\/figure>\n\t\t<\/div>\n\t\t<\/div>\n\t\t\t\t\t\t<\/div>\n\t\t\t\t\t<\/div>\n\t\t\t\t<\/div>\n\t\t<div class=\"elementor-element elementor-element-on8j1v4 e-flex e-con-boxed e-con e-parent\" data-id=\"on8j1v4\" data-element_type=\"container\" data-e-type=\"container\" data-settings=\"{&quot;background_background&quot;:&quot;classic&quot;}\">\n\t\t\t\t\t<div class=\"e-con-inner\">\n\t\t\t\t<div class=\"elementor-element elementor-element-xcypkne elementor-widget elementor-widget-heading\" data-id=\"xcypkne\" data-element_type=\"widget\" data-e-type=\"widget\" data-widget_type=\"heading.default\">\n\t\t\t\t\t<h2 class=\"elementor-heading-title elementor-size-default\">CONTACTO<\/h2>\t\t\t\t<\/div>\n\t\t\t\t<div class=\"elementor-element elementor-element-nfmcu9p elementor-widget elementor-widget-text-editor\" data-id=\"nfmcu9p\" data-element_type=\"widget\" data-e-type=\"widget\" data-widget_type=\"text-editor.default\">\n\t\t\t\t\t\t\t\t\t<p><strong style='color:#C8A84E'>Contacto de Prensa:<\/strong> admin@nosebound.com<\/p><p><strong style='color:#C8A84E'>Sitio Web del Desarrollador:<\/strong> <a href=\"https:\/\/quarantineinteractive.com\/\" style=\"color:#C8A84E\" target=\"_blank\" rel=\"noopener\">quarantineinteractive.com<\/a><\/p><p><strong style='color:#C8A84E'>P\u00e1gina de Steam:<\/strong> <a href=\"https:\/\/store.steampowered.com\/app\/340020\/NoseBound\/\" style=\"color:#C8A84E\" target=\"_blank\" rel=\"noopener\">store.steampowered.com\/app\/340020\/NoseBound\/<\/a><\/p>\t\t\t\t\t\t\t\t<\/div>\n\t\t\t\t\t<\/div>\n\t\t\t\t<\/div>\n\t\t<div class=\"elementor-element elementor-element-vwtkw8d e-con-full e-flex e-con e-parent\" data-id=\"vwtkw8d\" data-element_type=\"container\" data-e-type=\"container\" data-settings=\"{&quot;background_background&quot;:&quot;classic&quot;}\">\n\t\t\t\t<div class=\"elementor-element elementor-element-r61awta elementor-widget elementor-widget-image\" data-id=\"r61awta\" data-element_type=\"widget\" data-e-type=\"widget\" data-widget_type=\"image.default\">\n\t\t\t\t\t\t\t\t\t\t\t\t\t\t\t<img decoding=\"async\" width=\"300\" height=\"128\" data-src=\"https:\/\/nosebound.com\/wp-content\/uploads\/2026\/03\/GameLogo_Inverted-300x128.png\" class=\"attachment-medium size-medium wp-image-28 lazyload\" alt=\"NoseBound Game Logo Inverted White\" data-srcset=\"https:\/\/nosebound.com\/wp-content\/uploads\/2026\/03\/GameLogo_Inverted-300x128.png 300w, https:\/\/nosebound.com\/wp-content\/uploads\/2026\/03\/GameLogo_Inverted-18x8.png 18w, https:\/\/nosebound.com\/wp-content\/uploads\/2026\/03\/GameLogo_Inverted.png 620w\" data-sizes=\"(max-width: 300px) 100vw, 300px\" src=\"data:image\/svg+xml;base64,PHN2ZyB3aWR0aD0iMSIgaGVpZ2h0PSIxIiB4bWxucz0iaHR0cDovL3d3dy53My5vcmcvMjAwMC9zdmciPjwvc3ZnPg==\" style=\"--smush-placeholder-width: 300px; --smush-placeholder-aspect-ratio: 300\/128;\" \/>\t\t\t\t\t\t\t\t\t\t\t\t\t\t\t<\/div>\n\t\t\t\t<div class=\"elementor-element elementor-element-w61zr5g elementor-widget elementor-widget-text-editor\" data-id=\"w61zr5g\" data-element_type=\"widget\" data-e-type=\"widget\" data-widget_type=\"text-editor.default\">\n\t\t\t\t\t\t\t\t\t<p style='text-align:center'><a href=\"https:\/\/store.steampowered.com\/app\/340020\/NoseBound\/\" style=\"color:#C8A84E;text-decoration:none\" target=\"_blank\" rel=\"noopener\">Steam<\/a>&nbsp;&nbsp;&nbsp;|&nbsp;&nbsp;&nbsp;<a href=\"https:\/\/quarantineinteractive.com\/\" style=\"color:#C8A84E;text-decoration:none\" target=\"_blank\" rel=\"noopener\">Quarantine Interactive<\/a>&nbsp;&nbsp;&nbsp;|&nbsp;&nbsp;&nbsp;<a href=\"http:\/\/www.diegomartinezautor.com.ar\" style=\"color:#C8A84E;text-decoration:none\" target=\"_blank\" rel=\"noopener\">C\u00f3mic Nauseabundo<\/a><\/p>\t\t\t\t\t\t\t\t<\/div>\n\t\t\t\t<div class=\"elementor-element elementor-element-v3c4iak elementor-widget elementor-widget-text-editor\" data-id=\"v3c4iak\" data-element_type=\"widget\" data-e-type=\"widget\" data-widget_type=\"text-editor.default\">\n\t\t\t\t\t\t\t\t\t<p style='text-align:center'>\u00a9 2026 Quarantine Interactive. Todos los derechos reservados. Publicado por Plug In Digital.<\/p>\t\t\t\t\t\t\t\t<\/div>\n\t\t\t\t<\/div>\n\t\t\t\t<\/div>","protected":false},"excerpt":{"rendered":"<p>PRESS KIT GAME INFORMATION Title: NoseBound Developer: Quarantine Interactive Publisher: Plug In Digital Genre: Point &#038; Click Adventure Platform: PC (Steam), PlayStation 5 (coming soon) Release Date: Available Now Steam: store.steampowered.com\/app\/340020\/NoseBound\/ Website: nosebound.com DESCRIPTION NoseBound is a classic point &#038; click adventure that proposes an entangling detective story. By combining entertaining puzzles and dramatic scenes [&hellip;]<\/p>\n","protected":false},"author":1,"featured_media":0,"parent":0,"menu_order":0,"comment_status":"closed","ping_status":"closed","template":"elementor_header_footer","meta":{"footnotes":""},"class_list":["post-18","page","type-page","status-publish","hentry"],"_links":{"self":[{"href":"https:\/\/nosebound.com\/es\/wp-json\/wp\/v2\/pages\/18","targetHints":{"allow":["GET"]}}],"collection":[{"href":"https:\/\/nosebound.com\/es\/wp-json\/wp\/v2\/pages"}],"about":[{"href":"https:\/\/nosebound.com\/es\/wp-json\/wp\/v2\/types\/page"}],"author":[{"embeddable":true,"href":"https:\/\/nosebound.com\/es\/wp-json\/wp\/v2\/users\/1"}],"replies":[{"embeddable":true,"href":"https:\/\/nosebound.com\/es\/wp-json\/wp\/v2\/comments?post=18"}],"version-history":[{"count":7,"href":"https:\/\/nosebound.com\/es\/wp-json\/wp\/v2\/pages\/18\/revisions"}],"predecessor-version":[{"id":182,"href":"https:\/\/nosebound.com\/es\/wp-json\/wp\/v2\/pages\/18\/revisions\/182"}],"wp:attachment":[{"href":"https:\/\/nosebound.com\/es\/wp-json\/wp\/v2\/media?parent=18"}],"curies":[{"name":"wp","href":"https:\/\/api.w.org\/{rel}","templated":true}]}}