{"id":16,"date":"2026-03-13T23:51:01","date_gmt":"2026-03-13T23:51:01","guid":{"rendered":"https:\/\/nosebound.com\/the-team\/"},"modified":"2026-03-14T19:12:30","modified_gmt":"2026-03-14T19:12:30","slug":"the-team","status":"publish","type":"page","link":"https:\/\/nosebound.com\/es\/the-team\/","title":{"rendered":"El Equipo"},"content":{"rendered":"<div data-elementor-type=\"wp-page\" data-elementor-id=\"16\" class=\"elementor elementor-16\" data-elementor-post-type=\"page\">\n\t\t\t\t<div class=\"elementor-element elementor-element-leoids8 e-con-full e-flex e-con e-parent\" data-id=\"leoids8\" data-element_type=\"container\" data-e-type=\"container\" data-settings=\"{&quot;background_background&quot;:&quot;classic&quot;}\">\n\t\t\t\t<div class=\"elementor-element elementor-element-gccime3 elementor-widget elementor-widget-heading\" data-id=\"gccime3\" data-element_type=\"widget\" data-e-type=\"widget\" data-widget_type=\"heading.default\">\n\t\t\t\t\t<h2 class=\"elementor-heading-title elementor-size-default\">EL EQUIPO<\/h2>\t\t\t\t<\/div>\n\t\t\t\t<div class=\"elementor-element elementor-element-2864cot elementor-widget-divider--view-line elementor-widget elementor-widget-divider\" data-id=\"2864cot\" data-element_type=\"widget\" data-e-type=\"widget\" data-widget_type=\"divider.default\">\n\t\t\t\t\t\t\t<div class=\"elementor-divider\">\n\t\t\t<span class=\"elementor-divider-separator\">\n\t\t\t\t\t\t<\/span>\n\t\t<\/div>\n\t\t\t\t\t\t<\/div>\n\t\t\t\t<\/div>\n\t\t<div class=\"elementor-element elementor-element-6iphjfd e-flex e-con-boxed e-con e-parent\" data-id=\"6iphjfd\" data-element_type=\"container\" data-e-type=\"container\" data-settings=\"{&quot;background_background&quot;:&quot;classic&quot;}\">\n\t\t\t\t\t<div class=\"e-con-inner\">\n\t\t\t\t<div class=\"elementor-element elementor-element-317c7wu elementor-widget elementor-widget-heading\" data-id=\"317c7wu\" data-element_type=\"widget\" data-e-type=\"widget\" data-widget_type=\"heading.default\">\n\t\t\t\t\t<h2 class=\"elementor-heading-title elementor-size-default\">QUARANTINE INTERACTIVE<\/h2>\t\t\t\t<\/div>\n\t\t\t\t<div class=\"elementor-element elementor-element-getcid7 elementor-widget elementor-widget-text-editor\" data-id=\"getcid7\" data-element_type=\"widget\" data-e-type=\"widget\" data-widget_type=\"text-editor.default\">\n\t\t\t\t\t\t\t\t\t<p style='text-align:center'>NoseBound es desarrollado por Quarantine Interactive, un estudio de videojuegos independiente dedicado a crear experiencias narrativas con una identidad visual \u00fanica. Con sede en Argentina, el estudio aporta una perspectiva fresca al g\u00e9nero de aventura, fusionando tradiciones narrativas latinoamericanas con la est\u00e9tica cl\u00e1sica del noir.<\/p><p style='text-align:center'>El estudio es la visi\u00f3n creativa de Diego Martinez, quien se desempe\u00f1a como dise\u00f1ador de juegos, desarrollador, escritor y artista \u2014 dando vida a NoseBound como un proyecto profundamente personal que abarca tanto el mundo de los videojuegos como el del c\u00f3mic.<\/p>\t\t\t\t\t\t\t\t<\/div>\n\t\t\t\t<div class=\"elementor-element elementor-element-ie0i294 elementor-align-center elementor-widget elementor-widget-button\" data-id=\"ie0i294\" data-element_type=\"widget\" data-e-type=\"widget\" data-widget_type=\"button.default\">\n\t\t\t\t\t\t\t\t\t\t<a class=\"elementor-button elementor-button-link elementor-size-sm\" href=\"https:\/\/quarantineinteractive.com\/\" target=\"_blank\" rel=\"noopener\">\n\t\t\t\t\t\t<span class=\"elementor-button-content-wrapper\">\n\t\t\t\t\t\t\t\t\t<span class=\"elementor-button-text\">VISITAR QUARANTINE INTERACTIVE<\/span>\n\t\t\t\t\t<\/span>\n\t\t\t\t\t<\/a>\n\t\t\t\t\t\t\t\t<\/div>\n\t\t\t\t\t<\/div>\n\t\t\t\t<\/div>\n\t\t<div class=\"elementor-element elementor-element-v53j6do e-flex e-con-boxed e-con e-parent\" data-id=\"v53j6do\" data-element_type=\"container\" data-e-type=\"container\" data-settings=\"{&quot;background_background&quot;:&quot;classic&quot;}\">\n\t\t\t\t\t<div class=\"e-con-inner\">\n\t\t\t\t<div class=\"elementor-element elementor-element-ur9ymyj elementor-widget elementor-widget-heading\" data-id=\"ur9ymyj\" data-element_type=\"widget\" data-e-type=\"widget\" data-widget_type=\"heading.default\">\n\t\t\t\t\t<h2 class=\"elementor-heading-title elementor-size-default\">PUBLICADO POR<\/h2>\t\t\t\t<\/div>\n\t\t\t\t<div class=\"elementor-element elementor-element-9sykryb elementor-widget elementor-widget-heading\" data-id=\"9sykryb\" data-element_type=\"widget\" data-e-type=\"widget\" data-widget_type=\"heading.default\">\n\t\t\t\t\t<h2 class=\"elementor-heading-title elementor-size-default\"><a href=\"https:\/\/plugindigital.com\/\" target=\"_blank\" rel=\"noopener\">Plug In Digital<\/a><\/h2>\t\t\t\t<\/div>\n\t\t\t\t<div class=\"elementor-element elementor-element-evfov3l elementor-widget elementor-widget-text-editor\" data-id=\"evfov3l\" data-element_type=\"widget\" data-e-type=\"widget\" data-widget_type=\"text-editor.default\">\n\t\t\t\t\t\t\t\t\t<p style=\"text-align: center;\">NoseBound es publicado y distribuido por Plug In Digital, conectando creadores de juegos independientes con audiencias de todo el mundo.<\/p>\t\t\t\t\t\t\t\t<\/div>\n\t\t\t\t\t<\/div>\n\t\t\t\t<\/div>\n\t\t<div class=\"elementor-element elementor-element-7t7u36m e-con-full e-flex e-con e-parent\" data-id=\"7t7u36m\" data-element_type=\"container\" data-e-type=\"container\" data-settings=\"{&quot;background_background&quot;:&quot;classic&quot;}\">\n\t\t\t\t<div class=\"elementor-element elementor-element-0a9hndi elementor-widget elementor-widget-heading\" data-id=\"0a9hndi\" data-element_type=\"widget\" data-e-type=\"widget\" data-widget_type=\"heading.default\">\n\t\t\t\t\t<h2 class=\"elementor-heading-title elementor-size-default\">JUG\u00c1 NOSEBOUND<\/h2>\t\t\t\t<\/div>\n\t\t\t\t<div class=\"elementor-element elementor-element-15i009c elementor-align-center elementor-widget elementor-widget-button\" data-id=\"15i009c\" data-element_type=\"widget\" data-e-type=\"widget\" data-widget_type=\"button.default\">\n\t\t\t\t\t\t\t\t\t\t<a class=\"elementor-button elementor-button-link elementor-size-sm\" href=\"https:\/\/store.steampowered.com\/app\/340020\/NoseBound\/\" target=\"_blank\" rel=\"noopener\">\n\t\t\t\t\t\t<span class=\"elementor-button-content-wrapper\">\n\t\t\t\t\t\t\t\t\t<span class=\"elementor-button-text\">COMPR\u00c1 EN STEAM<\/span>\n\t\t\t\t\t<\/span>\n\t\t\t\t\t<\/a>\n\t\t\t\t\t\t\t\t<\/div>\n\t\t\t\t<\/div>\n\t\t<div class=\"elementor-element elementor-element-7ca0ubn e-con-full e-flex e-con e-parent\" data-id=\"7ca0ubn\" data-element_type=\"container\" data-e-type=\"container\" data-settings=\"{&quot;background_background&quot;:&quot;classic&quot;}\">\n\t\t\t\t<div class=\"elementor-element elementor-element-osxwnpq elementor-widget elementor-widget-text-editor\" data-id=\"osxwnpq\" data-element_type=\"widget\" data-e-type=\"widget\" data-widget_type=\"text-editor.default\">\n\t\t\t\t\t\t\t\t\t<p style='text-align:center'><a href=\"https:\/\/store.steampowered.com\/app\/340020\/NoseBound\/\" style=\"color:#C8A84E;text-decoration:none\" target=\"_blank\" rel=\"noopener\">Steam<\/a>&nbsp;&nbsp;&nbsp;|&nbsp;&nbsp;&nbsp;<a href=\"https:\/\/quarantineinteractive.com\/\" style=\"color:#C8A84E;text-decoration:none\" target=\"_blank\" rel=\"noopener\">Quarantine Interactive<\/a>&nbsp;&nbsp;&nbsp;|&nbsp;&nbsp;&nbsp;<a href=\"http:\/\/www.diegomartinezautor.com.ar\" style=\"color:#C8A84E;text-decoration:none\" target=\"_blank\" rel=\"noopener\">C\u00f3mic Nauseabundo<\/a><\/p>\t\t\t\t\t\t\t\t<\/div>\n\t\t\t\t<div class=\"elementor-element elementor-element-bb2xnzp elementor-widget elementor-widget-text-editor\" data-id=\"bb2xnzp\" data-element_type=\"widget\" data-e-type=\"widget\" data-widget_type=\"text-editor.default\">\n\t\t\t\t\t\t\t\t\t<p style='text-align:center'>\u00a9 2026 Quarantine Interactive. Todos los derechos reservados. Publicado por Plug In Digital.<\/p>\t\t\t\t\t\t\t\t<\/div>\n\t\t\t\t<\/div>\n\t\t\t\t<\/div>","protected":false},"excerpt":{"rendered":"<p>THE TEAM QUARANTINE INTERACTIVE NoseBound is developed by Quarantine Interactive, an independent game studio dedicated to creating narrative-driven experiences with a unique visual identity. Based in Argentina, the studio brings a fresh perspective to the adventure game genre, blending Latin American storytelling traditions with classic noir aesthetics. The studio is the creative vision of Diego [&hellip;]<\/p>\n","protected":false},"author":1,"featured_media":0,"parent":0,"menu_order":0,"comment_status":"closed","ping_status":"closed","template":"elementor_header_footer","meta":{"footnotes":""},"class_list":["post-16","page","type-page","status-publish","hentry"],"_links":{"self":[{"href":"https:\/\/nosebound.com\/es\/wp-json\/wp\/v2\/pages\/16","targetHints":{"allow":["GET"]}}],"collection":[{"href":"https:\/\/nosebound.com\/es\/wp-json\/wp\/v2\/pages"}],"about":[{"href":"https:\/\/nosebound.com\/es\/wp-json\/wp\/v2\/types\/page"}],"author":[{"embeddable":true,"href":"https:\/\/nosebound.com\/es\/wp-json\/wp\/v2\/users\/1"}],"replies":[{"embeddable":true,"href":"https:\/\/nosebound.com\/es\/wp-json\/wp\/v2\/comments?post=16"}],"version-history":[{"count":10,"href":"https:\/\/nosebound.com\/es\/wp-json\/wp\/v2\/pages\/16\/revisions"}],"predecessor-version":[{"id":207,"href":"https:\/\/nosebound.com\/es\/wp-json\/wp\/v2\/pages\/16\/revisions\/207"}],"wp:attachment":[{"href":"https:\/\/nosebound.com\/es\/wp-json\/wp\/v2\/media?parent=16"}],"curies":[{"name":"wp","href":"https:\/\/api.w.org\/{rel}","templated":true}]}}