{"id":15,"date":"2026-03-13T23:51:01","date_gmt":"2026-03-13T23:51:01","guid":{"rendered":"https:\/\/nosebound.com\/the-universe\/"},"modified":"2026-03-14T15:51:46","modified_gmt":"2026-03-14T15:51:46","slug":"the-universe","status":"publish","type":"page","link":"https:\/\/nosebound.com\/es\/the-universe\/","title":{"rendered":"El Universo"},"content":{"rendered":"<div data-elementor-type=\"wp-page\" data-elementor-id=\"15\" class=\"elementor elementor-15\" data-elementor-post-type=\"page\">\n\t\t\t\t<div class=\"elementor-element elementor-element-o2q6ruj e-con-full e-flex e-con e-parent\" data-id=\"o2q6ruj\" data-element_type=\"container\" data-e-type=\"container\" data-settings=\"{&quot;background_background&quot;:&quot;classic&quot;}\">\n\t\t\t\t<div class=\"elementor-element elementor-element-57suoae elementor-widget elementor-widget-heading\" data-id=\"57suoae\" data-element_type=\"widget\" data-e-type=\"widget\" data-widget_type=\"heading.default\">\n\t\t\t\t\t<h2 class=\"elementor-heading-title elementor-size-default\">EL UNIVERSO<\/h2>\t\t\t\t<\/div>\n\t\t\t\t<div class=\"elementor-element elementor-element-ly7wbdh elementor-widget elementor-widget-text-editor\" data-id=\"ly7wbdh\" data-element_type=\"widget\" data-e-type=\"widget\" data-widget_type=\"text-editor.default\">\n\t\t\t\t\t\t\t\t\t<p style='text-align:center; font-style:italic;'>Donde la ficci\u00f3n detectivesca noir se encuentra con el horror Lovecraftiano y lo oculto.<\/p>\t\t\t\t\t\t\t\t<\/div>\n\t\t\t\t<div class=\"elementor-element elementor-element-nszfhub elementor-widget-divider--view-line elementor-widget elementor-widget-divider\" data-id=\"nszfhub\" data-element_type=\"widget\" data-e-type=\"widget\" data-widget_type=\"divider.default\">\n\t\t\t\t\t\t\t<div class=\"elementor-divider\">\n\t\t\t<span class=\"elementor-divider-separator\">\n\t\t\t\t\t\t<\/span>\n\t\t<\/div>\n\t\t\t\t\t\t<\/div>\n\t\t\t\t<\/div>\n\t\t<div class=\"elementor-element elementor-element-lm05c99 e-flex e-con-boxed e-con e-parent\" data-id=\"lm05c99\" data-element_type=\"container\" data-e-type=\"container\" data-settings=\"{&quot;background_background&quot;:&quot;classic&quot;}\">\n\t\t\t\t\t<div class=\"e-con-inner\">\n\t\t\t\t<div class=\"elementor-element elementor-element-zp7elv0 elementor-widget elementor-widget-heading\" data-id=\"zp7elv0\" data-element_type=\"widget\" data-e-type=\"widget\" data-widget_type=\"heading.default\">\n\t\t\t\t\t<h2 class=\"elementor-heading-title elementor-size-default\">INSPIRACIONES LITERARIAS<\/h2>\t\t\t\t<\/div>\n\t\t\t\t<div class=\"elementor-element elementor-element-14de31r elementor-widget elementor-widget-text-editor\" data-id=\"14de31r\" data-element_type=\"widget\" data-e-type=\"widget\" data-widget_type=\"text-editor.default\">\n\t\t\t\t\t\t\t\t\t<p>NoseBound est\u00e1 fuertemente inspirado en las obras de H.P. Lovecraft (<em>La Llamada de Cthulhu<\/em>), Raymond Chandler (<em>El Sue\u00f1o Eterno<\/em>), y Dashiell Hammett (<em>Cosecha Roja<\/em>). Tambi\u00e9n hay un gran trabajo de referencia sobre varios autores ocultistas como Aleister Crowley, Eliphas Levi, Papus e incluso Cornelius Agrippa.<\/p><p>Al combinar esta mezcla de elementos, el juego busca lograr algo completamente nuevo y fresco \u2014 una fusi\u00f3n \u00fanica de ficci\u00f3n detectivesca noir, horror c\u00f3smico Lovecraftiano y misticismo ocultista que crea una atm\u00f3sfera sin igual en los videojuegos.<\/p>\t\t\t\t\t\t\t\t<\/div>\n\t\t<div class=\"elementor-element elementor-element-fmn0xnn e-con-full e-flex e-con e-child\" data-id=\"fmn0xnn\" data-element_type=\"container\" data-e-type=\"container\">\n\t\t<div class=\"elementor-element elementor-element-41je0si e-con-full e-flex e-con e-child\" data-id=\"41je0si\" data-element_type=\"container\" data-e-type=\"container\" data-settings=\"{&quot;background_background&quot;:&quot;classic&quot;}\">\n\t\t\t\t<div class=\"elementor-element elementor-element-473m6iy elementor-view-default elementor-widget elementor-widget-icon\" data-id=\"473m6iy\" data-element_type=\"widget\" data-e-type=\"widget\" data-widget_type=\"icon.default\">\n\t\t\t\t\t\t\t<div class=\"elementor-icon-wrapper\">\n\t\t\t<div class=\"elementor-icon\">\n\t\t\t<svg aria-hidden=\"true\" class=\"e-font-icon-svg e-fas-book-dead\" viewbox=\"0 0 448 512\" xmlns=\"http:\/\/www.w3.org\/2000\/svg\"><path d=\"M272 136c8.8 0 16-7.2 16-16s-7.2-16-16-16-16 7.2-16 16 7.2 16 16 16zm176 222.4V25.6c0-16-9.6-25.6-25.6-25.6H96C41.6 0 0 41.6 0 96v320c0 54.4 41.6 96 96 96h326.4c12.8 0 25.6-9.6 25.6-25.6v-16c0-6.4-3.2-12.8-9.6-19.2-3.2-16-3.2-60.8 0-73.6 6.4-3.2 9.6-9.6 9.6-19.2zM240 56c44.2 0 80 28.7 80 64 0 20.9-12.7 39.2-32 50.9V184c0 8.8-7.2 16-16 16h-64c-8.8 0-16-7.2-16-16v-13.1c-19.3-11.7-32-30-32-50.9 0-35.3 35.8-64 80-64zM124.8 223.3l6.3-14.7c1.7-4.1 6.4-5.9 10.5-4.2l98.3 42.1 98.4-42.1c4.1-1.7 8.8.1 10.5 4.2l6.3 14.7c1.7 4.1-.1 8.8-4.2 10.5L280.6 264l70.3 30.1c4.1 1.7 5.9 6.4 4.2 10.5l-6.3 14.7c-1.7 4.1-6.4 5.9-10.5 4.2L240 281.4l-98.3 42.2c-4.1 1.7-8.8-.1-10.5-4.2l-6.3-14.7c-1.7-4.1.1-8.8 4.2-10.5l70.4-30.1-70.5-30.3c-4.1-1.7-5.9-6.4-4.2-10.5zm256 224.7H96c-19.2 0-32-12.8-32-32s16-32 32-32h284.8zM208 136c8.8 0 16-7.2 16-16s-7.2-16-16-16-16 7.2-16 16 7.2 16 16 16z\"><\/path><\/svg>\t\t\t<\/div>\n\t\t<\/div>\n\t\t\t\t\t\t<\/div>\n\t\t\t\t<div class=\"elementor-element elementor-element-vkftfvk elementor-widget elementor-widget-heading\" data-id=\"vkftfvk\" data-element_type=\"widget\" data-e-type=\"widget\" data-widget_type=\"heading.default\">\n\t\t\t\t\t<h2 class=\"elementor-heading-title elementor-size-default\">LOVECRAFT<\/h2>\t\t\t\t<\/div>\n\t\t\t\t<div class=\"elementor-element elementor-element-zw5is3s elementor-widget elementor-widget-text-editor\" data-id=\"zw5is3s\" data-element_type=\"widget\" data-e-type=\"widget\" data-widget_type=\"text-editor.default\">\n\t\t\t\t\t\t\t\t\t<p style='text-align:center'>Horror c\u00f3smico, entidades antiguas y el miedo a lo desconocido impregnan la narrativa del juego.<\/p>\t\t\t\t\t\t\t\t<\/div>\n\t\t\t\t<\/div>\n\t\t<div class=\"elementor-element elementor-element-8lg7yga e-con-full e-flex e-con e-child\" data-id=\"8lg7yga\" data-element_type=\"container\" data-e-type=\"container\" data-settings=\"{&quot;background_background&quot;:&quot;classic&quot;}\">\n\t\t\t\t<div class=\"elementor-element elementor-element-xokosgz elementor-view-default elementor-widget elementor-widget-icon\" data-id=\"xokosgz\" data-element_type=\"widget\" data-e-type=\"widget\" data-widget_type=\"icon.default\">\n\t\t\t\t\t\t\t<div class=\"elementor-icon-wrapper\">\n\t\t\t<div class=\"elementor-icon\">\n\t\t\t<svg aria-hidden=\"true\" class=\"e-font-icon-svg e-fas-user-secret\" viewbox=\"0 0 448 512\" xmlns=\"http:\/\/www.w3.org\/2000\/svg\"><path d=\"M383.9 308.3l23.9-62.6c4-10.5-3.7-21.7-15-21.7h-58.5c11-18.9 17.8-40.6 17.8-64v-.3c39.2-7.8 64-19.1 64-31.7 0-13.3-27.3-25.1-70.1-33-9.2-32.8-27-65.8-40.6-82.8-9.5-11.9-25.9-15.6-39.5-8.8l-27.6 13.8c-9 4.5-19.6 4.5-28.6 0L182.1 3.4c-13.6-6.8-30-3.1-39.5 8.8-13.5 17-31.4 50-40.6 82.8-42.7 7.9-70 19.7-70 33 0 12.6 24.8 23.9 64 31.7v.3c0 23.4 6.8 45.1 17.8 64H56.3c-11.5 0-19.2 11.7-14.7 22.3l25.8 60.2C27.3 329.8 0 372.7 0 422.4v44.8C0 491.9 20.1 512 44.8 512h358.4c24.7 0 44.8-20.1 44.8-44.8v-44.8c0-48.4-25.8-90.4-64.1-114.1zM176 480l-41.6-192 49.6 32 24 40-32 120zm96 0l-32-120 24-40 49.6-32L272 480zm41.7-298.5c-3.9 11.9-7 24.6-16.5 33.4-10.1 9.3-48 22.4-64-25-2.8-8.4-15.4-8.4-18.3 0-17 50.2-56 32.4-64 25-9.5-8.8-12.7-21.5-16.5-33.4-.8-2.5-6.3-5.7-6.3-5.8v-10.8c28.3 3.6 61 5.8 96 5.8s67.7-2.1 96-5.8v10.8c-.1.1-5.6 3.2-6.4 5.8z\"><\/path><\/svg>\t\t\t<\/div>\n\t\t<\/div>\n\t\t\t\t\t\t<\/div>\n\t\t\t\t<div class=\"elementor-element elementor-element-9fm2j94 elementor-widget elementor-widget-heading\" data-id=\"9fm2j94\" data-element_type=\"widget\" data-e-type=\"widget\" data-widget_type=\"heading.default\">\n\t\t\t\t\t<h2 class=\"elementor-heading-title elementor-size-default\">CHANDLER &amp; HAMMETT<\/h2>\t\t\t\t<\/div>\n\t\t\t\t<div class=\"elementor-element elementor-element-31p0p5s elementor-widget elementor-widget-text-editor\" data-id=\"31p0p5s\" data-element_type=\"widget\" data-e-type=\"widget\" data-widget_type=\"text-editor.default\">\n\t\t\t\t\t\t\t\t\t<p style='text-align:center'>Ficci\u00f3n detectivesca hard-boiled, di\u00e1logos crudos y personajes moralmente complejos impulsan la trama.<\/p>\t\t\t\t\t\t\t\t<\/div>\n\t\t\t\t<\/div>\n\t\t<div class=\"elementor-element elementor-element-vt7iyyz e-con-full e-flex e-con e-child\" data-id=\"vt7iyyz\" data-element_type=\"container\" data-e-type=\"container\" data-settings=\"{&quot;background_background&quot;:&quot;classic&quot;}\">\n\t\t\t\t<div class=\"elementor-element elementor-element-jr136ks elementor-view-default elementor-widget elementor-widget-icon\" data-id=\"jr136ks\" data-element_type=\"widget\" data-e-type=\"widget\" data-widget_type=\"icon.default\">\n\t\t\t\t\t\t\t<div class=\"elementor-icon-wrapper\">\n\t\t\t<div class=\"elementor-icon\">\n\t\t\t<svg aria-hidden=\"true\" class=\"e-font-icon-svg e-fas-hat-wizard\" viewbox=\"0 0 512 512\" xmlns=\"http:\/\/www.w3.org\/2000\/svg\"><path d=\"M496 448H16c-8.84 0-16 7.16-16 16v32c0 8.84 7.16 16 16 16h480c8.84 0 16-7.16 16-16v-32c0-8.84-7.16-16-16-16zm-304-64l-64-32 64-32 32-64 32 64 64 32-64 32-16 32h208l-86.41-201.63a63.955 63.955 0 0 1-1.89-45.45L416 0 228.42 107.19a127.989 127.989 0 0 0-53.46 59.15L64 416h144l-16-32zm64-224l16-32 16 32 32 16-32 16-16 32-16-32-32-16 32-16z\"><\/path><\/svg>\t\t\t<\/div>\n\t\t<\/div>\n\t\t\t\t\t\t<\/div>\n\t\t\t\t<div class=\"elementor-element elementor-element-ul3toh0 elementor-widget elementor-widget-heading\" data-id=\"ul3toh0\" data-element_type=\"widget\" data-e-type=\"widget\" data-widget_type=\"heading.default\">\n\t\t\t\t\t<h2 class=\"elementor-heading-title elementor-size-default\">LO OCULTO<\/h2>\t\t\t\t<\/div>\n\t\t\t\t<div class=\"elementor-element elementor-element-b8pmrun elementor-widget elementor-widget-text-editor\" data-id=\"b8pmrun\" data-element_type=\"widget\" data-e-type=\"widget\" data-widget_type=\"text-editor.default\">\n\t\t\t\t\t\t\t\t\t<p style='text-align:center'>Referencias a Crowley, Levi, Papus y Agrippa tejen aut\u00e9ntica tradici\u00f3n ocultista en la trama del juego.<\/p>\t\t\t\t\t\t\t\t<\/div>\n\t\t\t\t<\/div>\n\t\t\t\t<\/div>\n\t\t\t\t\t<\/div>\n\t\t\t\t<\/div>\n\t\t<div class=\"elementor-element elementor-element-eh6y89y e-flex e-con-boxed e-con e-parent\" data-id=\"eh6y89y\" data-element_type=\"container\" data-e-type=\"container\" data-settings=\"{&quot;background_background&quot;:&quot;classic&quot;}\">\n\t\t\t\t\t<div class=\"e-con-inner\">\n\t\t\t\t<div class=\"elementor-element elementor-element-9kbn8yh elementor-widget elementor-widget-heading\" data-id=\"9kbn8yh\" data-element_type=\"widget\" data-e-type=\"widget\" data-widget_type=\"heading.default\">\n\t\t\t\t\t<h2 class=\"elementor-heading-title elementor-size-default\">NAUSEABUNDO: EL C\u00d3MIC<\/h2>\t\t\t\t<\/div>\n\t\t\t\t<div class=\"elementor-element elementor-element-lz2zsrv elementor-widget elementor-widget-text-editor\" data-id=\"lz2zsrv\" data-element_type=\"widget\" data-e-type=\"widget\" data-widget_type=\"text-editor.default\">\n\t\t\t\t\t\t\t\t\t<p style='text-align:center'>El universo de NoseBound se extiende m\u00e1s all\u00e1 del juego. Nauseabundo es el c\u00f3mic oficial complementario \u2014 una historia de detectives ambientada en el bizarro y perturbador universo del cine noir. Publicado en formato impreso y disponible para su compra.<\/p>\t\t\t\t\t\t\t\t<\/div>\n\t\t<div class=\"elementor-element elementor-element-71m14qo e-con-full e-flex e-con e-child\" data-id=\"71m14qo\" data-element_type=\"container\" data-e-type=\"container\">\n\t\t<div class=\"elementor-element elementor-element-i8zq8aj e-con-full e-flex e-con e-child\" data-id=\"i8zq8aj\" data-element_type=\"container\" data-e-type=\"container\">\n\t\t\t\t<div class=\"elementor-element elementor-element-cw0e8y9 elementor-widget elementor-widget-image\" data-id=\"cw0e8y9\" data-element_type=\"widget\" data-e-type=\"widget\" data-widget_type=\"image.default\">\n\t\t\t\t\t\t\t\t\t\t\t\t\t\t\t<img fetchpriority=\"high\" decoding=\"async\" width=\"768\" height=\"1087\" src=\"https:\/\/nosebound.com\/wp-content\/uploads\/2026\/03\/P_53_COLOR-768x1087.jpg\" class=\"attachment-medium_large size-medium_large wp-image-136\" alt=\"Nauseabundo Comic Page 1 - NoseBound Official Comic\" srcset=\"https:\/\/nosebound.com\/wp-content\/uploads\/2026\/03\/P_53_COLOR-768x1087.jpg 768w, https:\/\/nosebound.com\/wp-content\/uploads\/2026\/03\/P_53_COLOR-212x300.jpg 212w, https:\/\/nosebound.com\/wp-content\/uploads\/2026\/03\/P_53_COLOR-724x1024.jpg 724w, https:\/\/nosebound.com\/wp-content\/uploads\/2026\/03\/P_53_COLOR-8x12.jpg 8w, https:\/\/nosebound.com\/wp-content\/uploads\/2026\/03\/P_53_COLOR.jpg 1060w\" sizes=\"(max-width: 768px) 100vw, 768px\" \/>\t\t\t\t\t\t\t\t\t\t\t\t\t\t\t<\/div>\n\t\t\t\t<\/div>\n\t\t<div class=\"elementor-element elementor-element-sopdw8u e-con-full e-flex e-con e-child\" data-id=\"sopdw8u\" data-element_type=\"container\" data-e-type=\"container\">\n\t\t\t\t<div class=\"elementor-element elementor-element-hv3jzqx elementor-widget elementor-widget-image\" data-id=\"hv3jzqx\" data-element_type=\"widget\" data-e-type=\"widget\" data-widget_type=\"image.default\">\n\t\t\t\t\t\t\t\t\t\t\t\t\t\t\t<img decoding=\"async\" width=\"768\" height=\"1087\" data-src=\"https:\/\/nosebound.com\/wp-content\/uploads\/2026\/03\/P_58_COLOR-768x1087.jpg\" class=\"attachment-medium_large size-medium_large wp-image-139 lazyload\" alt=\"Nauseabundo Comic Page 4 - NoseBound Official Comic\" data-srcset=\"https:\/\/nosebound.com\/wp-content\/uploads\/2026\/03\/P_58_COLOR-768x1087.jpg 768w, https:\/\/nosebound.com\/wp-content\/uploads\/2026\/03\/P_58_COLOR-212x300.jpg 212w, https:\/\/nosebound.com\/wp-content\/uploads\/2026\/03\/P_58_COLOR-724x1024.jpg 724w, https:\/\/nosebound.com\/wp-content\/uploads\/2026\/03\/P_58_COLOR-8x12.jpg 8w, https:\/\/nosebound.com\/wp-content\/uploads\/2026\/03\/P_58_COLOR.jpg 1060w\" data-sizes=\"(max-width: 768px) 100vw, 768px\" src=\"data:image\/svg+xml;base64,PHN2ZyB3aWR0aD0iMSIgaGVpZ2h0PSIxIiB4bWxucz0iaHR0cDovL3d3dy53My5vcmcvMjAwMC9zdmciPjwvc3ZnPg==\" style=\"--smush-placeholder-width: 768px; --smush-placeholder-aspect-ratio: 768\/1087;\" \/>\t\t\t\t\t\t\t\t\t\t\t\t\t\t\t<\/div>\n\t\t\t\t<\/div>\n\t\t<div class=\"elementor-element elementor-element-wy14t78 e-con-full e-flex e-con e-child\" data-id=\"wy14t78\" data-element_type=\"container\" data-e-type=\"container\">\n\t\t\t\t<div class=\"elementor-element elementor-element-204wyww elementor-widget elementor-widget-image\" data-id=\"204wyww\" data-element_type=\"widget\" data-e-type=\"widget\" data-widget_type=\"image.default\">\n\t\t\t\t\t\t\t\t\t\t\t\t\t\t\t<img decoding=\"async\" width=\"768\" height=\"1087\" data-src=\"https:\/\/nosebound.com\/wp-content\/uploads\/2026\/03\/P_54-768x1087.jpg\" class=\"attachment-medium_large size-medium_large wp-image-137 lazyload\" alt=\"Nauseabundo Comic Page 2 - NoseBound Official Comic\" data-srcset=\"https:\/\/nosebound.com\/wp-content\/uploads\/2026\/03\/P_54-768x1087.jpg 768w, https:\/\/nosebound.com\/wp-content\/uploads\/2026\/03\/P_54-212x300.jpg 212w, https:\/\/nosebound.com\/wp-content\/uploads\/2026\/03\/P_54-724x1024.jpg 724w, https:\/\/nosebound.com\/wp-content\/uploads\/2026\/03\/P_54-8x12.jpg 8w, https:\/\/nosebound.com\/wp-content\/uploads\/2026\/03\/P_54.jpg 1060w\" data-sizes=\"(max-width: 768px) 100vw, 768px\" src=\"data:image\/svg+xml;base64,PHN2ZyB3aWR0aD0iMSIgaGVpZ2h0PSIxIiB4bWxucz0iaHR0cDovL3d3dy53My5vcmcvMjAwMC9zdmciPjwvc3ZnPg==\" style=\"--smush-placeholder-width: 768px; --smush-placeholder-aspect-ratio: 768\/1087;\" \/>\t\t\t\t\t\t\t\t\t\t\t\t\t\t\t<\/div>\n\t\t\t\t<\/div>\n\t\t<div class=\"elementor-element elementor-element-t9j3u29 e-con-full e-flex e-con e-child\" data-id=\"t9j3u29\" data-element_type=\"container\" data-e-type=\"container\">\n\t\t\t\t<div class=\"elementor-element elementor-element-ioo7ifn elementor-widget elementor-widget-image\" data-id=\"ioo7ifn\" data-element_type=\"widget\" data-e-type=\"widget\" data-widget_type=\"image.default\">\n\t\t\t\t\t\t\t\t\t\t\t\t\t\t\t<img decoding=\"async\" width=\"768\" height=\"1087\" data-src=\"https:\/\/nosebound.com\/wp-content\/uploads\/2026\/03\/P_55_COLOR-768x1087.jpg\" class=\"attachment-medium_large size-medium_large wp-image-138 lazyload\" alt=\"Nauseabundo Comic Page 3 - NoseBound Official Comic\" data-srcset=\"https:\/\/nosebound.com\/wp-content\/uploads\/2026\/03\/P_55_COLOR-768x1087.jpg 768w, https:\/\/nosebound.com\/wp-content\/uploads\/2026\/03\/P_55_COLOR-212x300.jpg 212w, https:\/\/nosebound.com\/wp-content\/uploads\/2026\/03\/P_55_COLOR-724x1024.jpg 724w, https:\/\/nosebound.com\/wp-content\/uploads\/2026\/03\/P_55_COLOR-8x12.jpg 8w, https:\/\/nosebound.com\/wp-content\/uploads\/2026\/03\/P_55_COLOR.jpg 1060w\" data-sizes=\"(max-width: 768px) 100vw, 768px\" src=\"data:image\/svg+xml;base64,PHN2ZyB3aWR0aD0iMSIgaGVpZ2h0PSIxIiB4bWxucz0iaHR0cDovL3d3dy53My5vcmcvMjAwMC9zdmciPjwvc3ZnPg==\" style=\"--smush-placeholder-width: 768px; --smush-placeholder-aspect-ratio: 768\/1087;\" \/>\t\t\t\t\t\t\t\t\t\t\t\t\t\t\t<\/div>\n\t\t\t\t<\/div>\n\t\t\t\t<\/div>\n\t\t\t\t<div class=\"elementor-element elementor-element-7w8m6lm elementor-align-center elementor-widget elementor-widget-button\" data-id=\"7w8m6lm\" data-element_type=\"widget\" data-e-type=\"widget\" data-widget_type=\"button.default\">\n\t\t\t\t\t\t\t\t\t\t<a class=\"elementor-button elementor-button-link elementor-size-sm\" href=\"http:\/\/www.diegomartinezautor.com.ar\" target=\"_blank\" rel=\"noopener\">\n\t\t\t\t\t\t<span class=\"elementor-button-content-wrapper\">\n\t\t\t\t\t\t\t\t\t<span class=\"elementor-button-text\">OBTEN\u00c9 EL C\u00d3MIC<\/span>\n\t\t\t\t\t<\/span>\n\t\t\t\t\t<\/a>\n\t\t\t\t\t\t\t\t<\/div>\n\t\t\t\t\t<\/div>\n\t\t\t\t<\/div>\n\t\t<div class=\"elementor-element elementor-element-xejz29m e-con-full e-flex e-con e-parent\" data-id=\"xejz29m\" data-element_type=\"container\" data-e-type=\"container\" data-settings=\"{&quot;background_background&quot;:&quot;classic&quot;}\">\n\t\t\t\t<div class=\"elementor-element elementor-element-0ac7dis elementor-widget elementor-widget-heading\" data-id=\"0ac7dis\" data-element_type=\"widget\" data-e-type=\"widget\" data-widget_type=\"heading.default\">\n\t\t\t\t\t<h2 class=\"elementor-heading-title elementor-size-default\">EXPLOR\u00c1 EL JUEGO<\/h2>\t\t\t\t<\/div>\n\t\t\t\t<div class=\"elementor-element elementor-element-wakj75i elementor-align-center elementor-widget elementor-widget-button\" data-id=\"wakj75i\" data-element_type=\"widget\" data-e-type=\"widget\" data-widget_type=\"button.default\">\n\t\t\t\t\t\t\t\t\t\t<a class=\"elementor-button elementor-button-link elementor-size-sm\" href=\"https:\/\/store.steampowered.com\/app\/340020\/NoseBound\/\" target=\"_blank\" rel=\"noopener\">\n\t\t\t\t\t\t<span class=\"elementor-button-content-wrapper\">\n\t\t\t\t\t\t\t\t\t<span class=\"elementor-button-text\">COMPR\u00c1 EN STEAM<\/span>\n\t\t\t\t\t<\/span>\n\t\t\t\t\t<\/a>\n\t\t\t\t\t\t\t\t<\/div>\n\t\t\t\t<\/div>\n\t\t<div class=\"elementor-element elementor-element-z2cutd1 e-con-full e-flex e-con e-parent\" data-id=\"z2cutd1\" data-element_type=\"container\" data-e-type=\"container\" data-settings=\"{&quot;background_background&quot;:&quot;classic&quot;}\">\n\t\t\t\t<div class=\"elementor-element elementor-element-77lpsl6 elementor-widget elementor-widget-image\" data-id=\"77lpsl6\" data-element_type=\"widget\" data-e-type=\"widget\" data-widget_type=\"image.default\">\n\t\t\t\t\t\t\t\t\t\t\t\t\t\t\t<img decoding=\"async\" width=\"300\" height=\"128\" data-src=\"https:\/\/nosebound.com\/wp-content\/uploads\/2026\/03\/GameLogo_Inverted-300x128.png\" class=\"attachment-medium size-medium wp-image-28 lazyload\" alt=\"NoseBound Game Logo Inverted White\" data-srcset=\"https:\/\/nosebound.com\/wp-content\/uploads\/2026\/03\/GameLogo_Inverted-300x128.png 300w, https:\/\/nosebound.com\/wp-content\/uploads\/2026\/03\/GameLogo_Inverted-18x8.png 18w, https:\/\/nosebound.com\/wp-content\/uploads\/2026\/03\/GameLogo_Inverted.png 620w\" data-sizes=\"(max-width: 300px) 100vw, 300px\" src=\"data:image\/svg+xml;base64,PHN2ZyB3aWR0aD0iMSIgaGVpZ2h0PSIxIiB4bWxucz0iaHR0cDovL3d3dy53My5vcmcvMjAwMC9zdmciPjwvc3ZnPg==\" style=\"--smush-placeholder-width: 300px; --smush-placeholder-aspect-ratio: 300\/128;\" \/>\t\t\t\t\t\t\t\t\t\t\t\t\t\t\t<\/div>\n\t\t\t\t<div class=\"elementor-element elementor-element-fu3tklm elementor-widget elementor-widget-text-editor\" data-id=\"fu3tklm\" data-element_type=\"widget\" data-e-type=\"widget\" data-widget_type=\"text-editor.default\">\n\t\t\t\t\t\t\t\t\t<p style='text-align:center'><a href=\"https:\/\/store.steampowered.com\/app\/340020\/NoseBound\/\" style=\"color:#C8A84E;text-decoration:none\" target=\"_blank\" rel=\"noopener\">Steam<\/a>&nbsp;&nbsp;&nbsp;|&nbsp;&nbsp;&nbsp;<a href=\"https:\/\/quarantineinteractive.com\/\" style=\"color:#C8A84E;text-decoration:none\" target=\"_blank\" rel=\"noopener\">Quarantine Interactive<\/a>&nbsp;&nbsp;&nbsp;|&nbsp;&nbsp;&nbsp;<a href=\"http:\/\/www.diegomartinezautor.com.ar\" style=\"color:#C8A84E;text-decoration:none\" target=\"_blank\" rel=\"noopener\">C\u00f3mic Nauseabundo<\/a><\/p>\t\t\t\t\t\t\t\t<\/div>\n\t\t\t\t<div class=\"elementor-element elementor-element-sz7xm4t elementor-widget elementor-widget-text-editor\" data-id=\"sz7xm4t\" data-element_type=\"widget\" data-e-type=\"widget\" data-widget_type=\"text-editor.default\">\n\t\t\t\t\t\t\t\t\t<p style='text-align:center'>\u00a9 2026 Quarantine Interactive. Todos los derechos reservados. Publicado por Plug In Digital.<\/p>\t\t\t\t\t\t\t\t<\/div>\n\t\t\t\t<\/div>\n\t\t\t\t<\/div>","protected":false},"excerpt":{"rendered":"<p>THE UNIVERSE Where noir detective fiction meets Lovecraftian horror and the occult. LITERARY INSPIRATIONS NoseBound is heavily inspired by the works of H.P. Lovecraft (The Call of Cthulhu), Raymond Chandler (The Big Sleep), and Dashiell Hammett (Red Harvest). There is also a great work of reference on several occult authors such as Aleister Crowley, Eliphas [&hellip;]<\/p>\n","protected":false},"author":1,"featured_media":0,"parent":0,"menu_order":0,"comment_status":"closed","ping_status":"closed","template":"elementor_header_footer","meta":{"footnotes":""},"class_list":["post-15","page","type-page","status-publish","hentry"],"_links":{"self":[{"href":"https:\/\/nosebound.com\/es\/wp-json\/wp\/v2\/pages\/15","targetHints":{"allow":["GET"]}}],"collection":[{"href":"https:\/\/nosebound.com\/es\/wp-json\/wp\/v2\/pages"}],"about":[{"href":"https:\/\/nosebound.com\/es\/wp-json\/wp\/v2\/types\/page"}],"author":[{"embeddable":true,"href":"https:\/\/nosebound.com\/es\/wp-json\/wp\/v2\/users\/1"}],"replies":[{"embeddable":true,"href":"https:\/\/nosebound.com\/es\/wp-json\/wp\/v2\/comments?post=15"}],"version-history":[{"count":7,"href":"https:\/\/nosebound.com\/es\/wp-json\/wp\/v2\/pages\/15\/revisions"}],"predecessor-version":[{"id":175,"href":"https:\/\/nosebound.com\/es\/wp-json\/wp\/v2\/pages\/15\/revisions\/175"}],"wp:attachment":[{"href":"https:\/\/nosebound.com\/es\/wp-json\/wp\/v2\/media?parent=15"}],"curies":[{"name":"wp","href":"https:\/\/api.w.org\/{rel}","templated":true}]}}